{"id":82,"date":"2018-04-17T21:57:13","date_gmt":"2018-04-17T21:57:13","guid":{"rendered":"http:\/\/diocese.fingweb.com\/?page_id=82"},"modified":"2023-02-28T11:27:50","modified_gmt":"2023-02-28T17:27:50","slug":"hispanic-ministry","status":"publish","type":"page","link":"https:\/\/www.diocesealex.org\/old\/our-faith\/hispanic-ministry\/","title":{"rendered":"Hispanic Ministry"},"content":{"rendered":"\n<h1>\n\t\tHispanic Ministry\n\t<\/h1>\n\t\t\t\t<img loading=\"lazy\" decoding=\"async\" src=\"https:\/\/www.diocesealex.org\/old\/wp-content\/uploads\/2020\/08\/Our-Lady-of-Guadalupe-a.jpg\" alt=\"Our Lady of Guadalupe a\" itemprop=\"image\" height=\"826\" width=\"1115\" title=\"Our Lady of Guadalupe a\" onerror=\"this.style.display='none'\"  \/>\n\t\t\t<a href=\"\/our-faith\/ambiente-seguro\" target=\"_self\" role=\"button\" rel=\"noopener\">\n\t\t\t\t\t\t\tAmbiente Seguro\n\t\t\t\t\t<\/a>\n<h2>Hispanic Ministry<\/h2>\n<p>La Pastoral Juvenil Hispana, tiene como finalidad lograr un crecimiento humano-cristiano en los j\u00f3venes hispanos de la Di\u00f3cesis de Alexandria. La Pastoral Juvenil Hispana ofrece a los j\u00f3venes y j\u00f3venes adultos de la Di\u00f3cesis: acompa\u00f1amiento a los grupos juveniles parroquiales, fines de semana vocacionales, retiros espirituales, para que los j\u00f3venes sean capaces de proclamar una fe viva a trav\u00e9s de actividades que promuevan la integraci\u00f3n y convivencia juvenil.<\/p>\n<p>La Pastoral Juvenil Hispana promueve la comuni\u00f3n y participaci\u00f3n de grupos y movimientos de j\u00f3venes adultos de las diferentes parroquias y les anima a desarrollar un liderazgo y compromiso con Jes\u00fas y su Iglesia.<\/p>\n<p>La Pastoral Juvenil acompa\u00f1a al joven durante su crecimiento como ser humano y su desarrollo cristiano. Toda actividad de la pastoral juvenil est\u00e1 dirigida a la conversi\u00f3n (participaci\u00f3n en el misterio pascual de Cristo), lo cual representa un reto para el joven a vivir la plenitud de la vida Cristiana.<\/p>\n<p>Esta conversi\u00f3n ser\u00e1 posible a trav\u00e9s de un proceso que, paso a paso ira presentando al joven retos cada vez mayores, que promuevan en \u00e9l una profunda experiencia sacramental y de oraci\u00f3n, que lo llevar\u00e1 hacia una vida eclesial y social comprometida al servicio de Cristo y su Iglesia.<\/p>\n<h4>Que es la Pastoral Juvenil? <\/h4>\n<p>&#8220;Es la acci\u00f3n organizada de la Iglesia para acompa\u00f1ar a los j\u00f3venes a descubrir, seguir y comprometerse con Jesucristo y su mensaje, para que transformados en hombres y mujeres nuevos, e integrando su fe y su vida, se conviertan en protagonistas (agente activos) de la construcci\u00f3n de la Civilizaci\u00f3n del Amor&#8221;. (<em>SEJ-CELAM, Pastoral Juvenil. S\u00ed a la civilizaci\u00f3n del Amor<\/em>)<\/p>\n<p>La Pastoral Juvenil se organiza para acompa\u00f1ar al joven en su crecimiento como ser humano y en el desarrollo de su compromiso cristiano.<\/p>\n<p>Toda actividad de la pastoral juvenil tendr\u00e1 un aspecto de conversi\u00f3n (participaci\u00f3n en el misterio pascual de Cristo) que retar\u00e1 al joven a vivir la plenitud de vida que Cristo vino a traernos.<\/p>\n<p>Esta conversi\u00f3n se har\u00e1 posible a trav\u00e9s de un proceso que paso a paso va presentando al joven retos cada vez mayores, que promuevan en \u00e9l una experiencia sacramental y de oraci\u00f3n profunda, que lo lleve a una vida eclesial y social, no solo emocional sino seria y comprometida. (<em>Principios b\u00e1sicos del SEPI sobre la Pastoral Juvenil<\/em>).<\/p>\n<p>______________________________________________________________________________<\/p>\n<p>The Pastoral Juvenil Hispana promotes the communion and participation of youth and young adult groups and movements of the different parishes and encourage them to develop their leadership and commitment to Jesus and His Church in the Diocese of Alexandria.<\/p>\n<p>The mission of the Pastoral Juvenil Hispana is to encourage and promote evangelization processes which will allow Hispanic youth and young adults in the Diocese of Alexandria to encounter Christ and lead them to an integral development, through formation, training, and living and celebrating our faith in a spirituality of communion and apostolic commitment. The PJH also hosts various events and retreats throughout the year. The PJH serves as a connecting point between youth and young adult groups to share events, information and resources, promoting unity and collaboration among youth and young adult groups in our Diocese.<\/p>\n<p>The Pastoral Juvenil accompanies the young adults during their growth as a human being and in their Christian development. Every activity of the Pastoral Juvenil is directed toward the conversion (participation in the Paschal Mystery of Christ), which represents a challenge for the young adults to live the fullness of the Christian life.<\/p>\n<p>This conversion will be possible through a process that, step by step will present the young adults with growing challenges that will promote in them a deep sacramental and prayer experience that will take them to an ecclesial and social life, committed to the service of Christ and His Church.<\/p>\n<p>If you would like to obtain additional information, contact Joanna Bamaca PJH\/Coordinator (318)787-4860.<\/p>\n<hr \/>\n<hr \/>\n<h3>Misas en espa\u00f1ol<\/h3>\n<p>Se han establecido Misas en espa\u00f1ol en varias parroquias de la Di\u00f3cesis de Alexandria. Estas Misas sirven para desarrollar y fortalecer los valores espirituales y culturales de la comunidad Cat\u00f3lica Hispana\/Latina. Las Misas en espa\u00f1ol ayudan a ampliar la diversidad \u00e9tnica, cultural y espiritual de la Iglesia Cat\u00f3lica y de la sociedad americana en su conjunto.<\/p>\n<p>Si usted est\u00e1 interesado en servir Cristo a trav\u00e9s del Ministerio Hispano, siempre existe la necesidad de voluntarios biling\u00fces que ayuden a los inmigrantes hispanos\/latinos en el proceso de obtener la ciudadan\u00eda. Los voluntarios podr\u00edan ayudar a las personas a entender y llenar los formularios del INS, explic\u00e1ndoles los t\u00e9rminos y ayud\u00e1ndoles a prepararse para los ex\u00e1menes. Los profesionales en los \u00e1mbitos legal, m\u00e9dico, consejer\u00eda, deportes y artes tambi\u00e9n podr\u00edan ser de gran ayuda para el Ministerio Hispano. Tambi\u00e9n surge peri\u00f3dicamente la necesidad de voluntarios que ayuden con los servicios comunitarios en tiempos de crisis. Agradecemos su generosidad de su Tiempo, Talento y Tesosro. Por favor, si usted desea ser solidario con esta causa p\u00f3ngase en contacto con una de las iglesias que aparecen a continuaci\u00f3n.<\/p>\n<hr \/>\n<p>Hispanic Masses have been established in several parishes in the Diocese of Alexandria. These Masses serve to develop and strengthen the spiritual and cultural values of the Hispanic Catholic community. The Hispanic Masses continue to widen the ethnic diversity of the Catholic Church and American society as a whole.<\/p>\nIf you are interested in serving Christ through the Hispanic Ministry, there is always a need for bilingual volunteers to help Hispanic immigrants in the process of gaining citizenship. Volunteers could assist individuals by helping them fill out INS forms, by explaining terms and by helping them prepare for exams. Professionals in the legal, medical, counseling, sports and arts fields could also be of tremendous assistance to the Hispanic Ministry. The need also arises periodically for volunteers to assist with community services during times of crisis. Please contact one of the churches listed below.\n<h3 data-configid=\"2821700\/6809235\">Spanish Masses:<\/h3>\n<strong>Our Lady of Guadalupe Mission<\/strong><br \/>\nSaturday 8:00 pm; Sunday 12:30 pm; Wednesday 8:00 pm<br \/>\n10 Butter Cemetery Rd.<br \/>\nForest Hill, LA 71430<br \/>\n(318) 776-9480\n<strong>St. Rita Church<\/strong><br \/>\nSunday 12:30 pm<br \/>\n4401 Bayou Rapides Rd.<br \/>\nAlexandria, LA\u00a0 71303<br \/>\n(318) 445-7120\n<strong>Our Lady of Lourdes Church<\/strong><br \/>\nEvery other Sunday 1:00 pm<br \/>\n772 Country Club<br \/>\nWinnfield, LA\u00a0 71483<br \/>\n(318) 628-2561\n<strong>St. Anthony of Padua Church<\/strong><br \/>\nSunday 3:00 pm<br \/>\n911 5th St.<br \/>\nNatchitoches, LA 71457<br \/>\n(318) 352-2559\n<h3>Resources<\/h3>\nSoutheast Pastoral Institute (SEPI)<br \/>\nInstituto Pastoral del Sureste<br \/>\nPhone: (305) 279-2333<br \/>\nEmail: <a href=\"mailto:sepimiami@aol.com\">sepimiami@aol.com<\/a>\n<h3>\n\t\tPara Bajar Documentos en Espa\u0148ol\n\t<\/h3>\n<article id=\"node-page-560\">\n<p><a href=\"https:\/\/www.diocesealex.org\/old\/sites\/default\/files\/docs\/codigo_pastoral_de_conducta.pdf\" target=\"_blank\" rel=\"noopener\">Codigo Pastoral de Conducta<\/a><\/p>\n<p>Protegiendo a los Nin\u0303os de Dios Aprender la Naturaleza la Manera<\/p>\n<p><a href=\"https:\/\/www.diocesealex.org\/old\/sites\/default\/files\/docs\/Codigo%20de%20Conducta%20para%20Adultos%20Form.pdf\" target=\"_blank\" rel=\"noopener\">C\u00f3digo de Conducta Para Voluntarios<\/a><\/p>\n<p>C\u00f3digo de Conducta Para J\u00f3venes Voluntarios<\/p>\n<p><a href=\"https:\/\/www.diocesealex.org\/old\/sites\/default\/files\/docs\/Poliza%20y%20Procedimientos%20Para%20Llevar%20a%20Cabo%20Investigaciones%20de%20Antecedentes%20Penales.pdf\" target=\"_blank\" rel=\"noopener\">Poliza y Procedimientos Para Llevar a Cabo Investigaciones de Antecedentes Penales<\/a><\/p>\n<p><a href=\"https:\/\/www.diocesealex.org\/old\/sites\/default\/files\/docs\/Poliza%20Concerniente%20a%20la%20Supervision%20de%20Menores%20en%20Excursiones%2C%20Viajes%20u%20Otras%20Actividades.pdf\" target=\"_blank\" rel=\"noopener\">Poliza Concerniente a la Supervision de Menores en Excursiones, Viajes u Otras Actividades <\/a><\/p>\n<p><a href=\"https:\/\/www.diocesealex.org\/old\/sites\/default\/files\/docs\/protegiendo_a_los_ninos_de_dios_ensenanza_de_toque_apropiado.pdf\" target=\"_blank\" rel=\"noopener\">PROTEGIENDO A LOS NI\u00d1OS DE DIOS ENSE\u00d1ANZA DE TOQUE APROPIADO<\/a><\/p>\n<p>Protegiendo a Los Ni\u00f1os de Dios Gu\u00eda de Referencia R\u00e1pida<\/p>\n<p><a href=\"https:\/\/www.diocesealex.org\/old\/sites\/default\/files\/docs\/estatuto_para_la_proteccion.pdf\" target=\"_blank\" rel=\"noopener\">Estatuto para la protecci\u00f3n de ni\u00f1os y j\u00f3venes<\/a><\/p>\n<\/article>\n\n","protected":false},"excerpt":{"rendered":"<p>Hispanic Ministry Ambiente Seguro Hispanic Ministry La Pastoral Juvenil Hispana, tiene como finalidad lograr un crecimiento humano-cristiano en los j\u00f3venes hispanos de la Di\u00f3cesis de Alexandria. La Pastoral Juvenil Hispana&hellip;<\/p>\n","protected":false},"author":1,"featured_media":0,"parent":1636,"menu_order":74,"comment_status":"closed","ping_status":"closed","template":"","meta":{"_price":"","_stock":"","_tribe_ticket_header":"","_tribe_default_ticket_provider":"","_tribe_ticket_capacity":"0","_ticket_start_date":"","_ticket_end_date":"","_tribe_ticket_show_description":"","_tribe_ticket_show_not_going":false,"_tribe_ticket_use_global_stock":"","_tribe_ticket_global_stock_level":"","_global_stock_mode":"","_global_stock_cap":"","_tribe_rsvp_for_event":"","_tribe_ticket_going_count":"","_tribe_ticket_not_going_count":"","_tribe_tickets_list":"[]","_tribe_ticket_has_attendee_info_fields":false,"footnotes":""},"class_list":["post-82","page","type-page","status-publish","hentry"],"ticketed":false,"_links":{"self":[{"href":"https:\/\/www.diocesealex.org\/old\/wp-json\/wp\/v2\/pages\/82"}],"collection":[{"href":"https:\/\/www.diocesealex.org\/old\/wp-json\/wp\/v2\/pages"}],"about":[{"href":"https:\/\/www.diocesealex.org\/old\/wp-json\/wp\/v2\/types\/page"}],"author":[{"embeddable":true,"href":"https:\/\/www.diocesealex.org\/old\/wp-json\/wp\/v2\/users\/1"}],"replies":[{"embeddable":true,"href":"https:\/\/www.diocesealex.org\/old\/wp-json\/wp\/v2\/comments?post=82"}],"version-history":[{"count":0,"href":"https:\/\/www.diocesealex.org\/old\/wp-json\/wp\/v2\/pages\/82\/revisions"}],"up":[{"embeddable":true,"href":"https:\/\/www.diocesealex.org\/old\/wp-json\/wp\/v2\/pages\/1636"}],"wp:attachment":[{"href":"https:\/\/www.diocesealex.org\/old\/wp-json\/wp\/v2\/media?parent=82"}],"curies":[{"name":"wp","href":"https:\/\/api.w.org\/{rel}","templated":true}]}}